{"id":3101,"date":"2024-09-12T17:19:40","date_gmt":"2024-09-12T15:19:40","guid":{"rendered":"https:\/\/estupendanautica.com\/disclaimer\/"},"modified":"2025-03-27T13:18:17","modified_gmt":"2025-03-27T12:18:17","slug":"disclaimer","status":"publish","type":"page","link":"https:\/\/estupendanautica.com\/en\/disclaimer\/","title":{"rendered":"DISCLAIMER"},"content":{"rendered":"\t\t<div data-elementor-type=\"wp-page\" data-elementor-id=\"3101\" class=\"elementor elementor-3101 elementor-804\" data-elementor-post-type=\"page\">\n\t\t\t\t<div class=\"elementor-element elementor-element-c87bc74 e-flex e-con-boxed e-con e-parent\" data-id=\"c87bc74\" data-element_type=\"container\" data-e-type=\"container\">\n\t\t\t\t\t<div class=\"e-con-inner\">\n\t\t\t\t<div class=\"elementor-element elementor-element-8898f7f elementor-widget elementor-widget-heading\" data-id=\"8898f7f\" data-element_type=\"widget\" data-e-type=\"widget\" data-widget_type=\"heading.default\">\n\t\t\t\t<div class=\"elementor-widget-container\">\n\t\t\t\t\t<h4 class=\"elementor-heading-title elementor-size-default\">DISCLAIMER<\/h4>\t\t\t\t<\/div>\n\t\t\t\t<\/div>\n\t\t\t\t<div class=\"elementor-element elementor-element-164f667 elementor-widget elementor-widget-text-editor\" data-id=\"164f667\" data-element_type=\"widget\" data-e-type=\"widget\" data-widget_type=\"text-editor.default\">\n\t\t\t\t<div class=\"elementor-widget-container\">\n\t\t\t\t\t\t\t\t\t<p>Company name: ESTUPPENDA OCIO, S.L. (hereinafter, ESTUPENDA N\u00c1UTICA) NIF: B63963896 Intra-Community Operator NIF: ESB63963896 Registered office: Port Ginesta, Local 804, 08860 &#8211; Les Botigues de Sitges (Barcelona, Spain) Contact:<\/p>\n<p>Direcci\u00f3n de correo electr\u00f3nico: info@estupendanautica.com<\/p>\n<p>Online contact form Barcelona Commercial Registry, Volume 37,915, Folio 53, Sheet B-311224 Pages of&nbsp;ESTUPENDA N\u00c1UTICA&nbsp;(Hereinafter, Website): Main website: https:\/\/estupendanautica.com\/<\/p>\n<p>Social profiles: Facebook, Twitter, Instagram.<\/p>\n<p>PROTECTION OF PERSONAL DATA &#8211; RGPD<\/p>\n<ol>\n<li>RESPONSABLE (DEL TRATAMIENTO)<\/li>\n<\/ol>\n<p>Datos de contacto del responsable: ESTUPPENDA OCIO , S.L. (B63963896) con domicilio en Port Ginesta, Local 804, 08860 \u2010 Les Botigues de Sitges (Barcelona, Espa\u00f1a) y correo electr\u00f3nico de contacto info@estupendanautica.com<\/p>\n<ol start=\"2\">\n<li>DERECHOS DE PROTECCI\u00d3N DE DATOS<\/li>\n<\/ol>\n<p>C\u00f3mo ejercitar los derechos: Los usuarios pueden dirigir una comunicaci\u00f3n por escrito al domicilio social de&nbsp;ESTUPENDA N\u00c1UTICA&nbsp;o a la direcci\u00f3n de correo electr\u00f3nico indicada en el encabezamiento de este aviso legal, incluyendo en ambos casos fotocopia de su DNI u otro documento de identificaci\u00f3n similar, para solicitar el ejercicio de los derechos siguientes:<\/p>\n<p>Derecho a solicitar el acceso a los datos personales: usted podr\u00e1 preguntar si esta empresa est\u00e1 tratando sus datos.<\/p>\n<p>Derecho a solicitar su rectificaci\u00f3n (en caso de que sean incorrectos) o supresi\u00f3n.<\/p>\n<p>Derecho a solicitar la limitaci\u00f3n de su tratamiento, en cuyo caso \u00fanicamente ser\u00e1n conservados por&nbsp;ESTUPENDA N\u00c1UTICA&nbsp;para el ejercicio o la defensa de reclamaciones.<\/p>\n<p>Derecho a oponerse al tratamiento:&nbsp;ESTUPENDA N\u00c1UTICA&nbsp;dejar\u00e1 de tratar los datos en la forma que usted indique, salvo que por motivos leg\u00edtimos imperiosos o el ejercicio o la defensa de posibles reclamaciones se tengan que seguir tratando.<\/p>\n<p>Derecho a la portabilidad de los datos: en caso de que quiera que sus datos sean tratados por otra firma,&nbsp;ESTUPENDA N\u00c1UTICA&nbsp;le facilitar\u00e1 la portabilidad de sus datos al nuevo responsable.<\/p>\n<p>Modelos, formularios y m\u00e1s informaci\u00f3n sobre los derechos referidos: P\u00e1gina oficial de la Agencia Espa\u00f1ola de Protecci\u00f3n de Datos: https:\/\/www.aepd.es\/es\/derechos\u2010y\u2010deberes\/conoce\u2010tus\u2010derechos<\/p>\n<p>Posibilidad de retirar el consentimiento: en el caso de que se haya otorgado el consentimiento para alguna finalidad espec\u00edfica, usted tiene derecho a retirar el consentimiento en cualquier momento, sin que ello afecte a la licitud del tratamiento basado en el consentimiento previo a su retirada.<\/p>\n<p>C\u00f3mo reclamar ante la Autoridad de Control: Si un usuario considera que hay un problema con la forma en que&nbsp;ESTUPENDA N\u00c1UTICA&nbsp;est\u00e1 manejando sus datos, puede dirigir sus reclamaciones al Responsable de Seguridad de&nbsp;ESTUPENDA N\u00c1UTICA&nbsp;o a la autoridad de protecci\u00f3n de datos que corresponda, siendo la Agencia Espa\u00f1ola de Protecci\u00f3n de Datos la indicada en el caso de Espa\u00f1a.<\/p>\n<ol start=\"3\">\n<li>CONSERVACI\u00d3N DE LOS DATOS<\/li>\n<\/ol>\n<p>Datos desagregados: Los datos desagregados ser\u00e1n conservados sin plazo de supresi\u00f3n.<\/p>\n<p>Datos de los Clientes y usuarios: El periodo de conservaci\u00f3n de los datos personales variar\u00e1 en funci\u00f3n del servicio que el Cliente contrate. En cualquier caso, ser\u00e1 el m\u00ednimo necesario, pudiendo mantenerse hasta: <\/p>\n<p>4 a\u00f1os: Ley sobre Infracciones y Sanciones en el Orden Social (obligaciones en materia de afiliaci\u00f3n, altas, bajas, cotizaci\u00f3n, pago de salarios\u2026); Arts. 66 y sig. Ley General Tributaria (libros de contabilidad\u2026);  <\/p>\n<p>5 a\u00f1os: Art. 1964 C\u00f3digo Civil (acciones personales sin plazo especial)<\/p>\n<p>6 a\u00f1os: Art. 30 C\u00f3digo de Comercio (libros de contabilidad, facturas\u2026)<\/p>\n<p>10 a\u00f1os: Art. 25 Ley de Prevenci\u00f3n del Blanqueo de Capitales y Financiaci\u00f3n del Terrorismo.<\/p>\n<p>Datos de los suscriptores al feed por e\u2010mail: Desde que el usuario se suscribe hasta que se da de baja.<\/p>\n<p>Datos de usuarios subidos por&nbsp;ESTUPENDA N\u00c1UTICA&nbsp;a p\u00e1ginas y perfiles en redes sociales: Desde que el usuario ofrece su consentimiento hasta que lo retira.<\/p>\n<p>Datos de los postulantes a pr\u00e1cticas o a puestos de empleo: En caso de que el candidato no sea seleccionado,&nbsp;ESTUPENDA N\u00c1UTICA&nbsp;podr\u00e1 mantener almacenado su curr\u00edculo un m\u00e1ximo de dos a\u00f1os para incorporarlo a futuras convocatorias, a menos que el candidato se manifieste en contrario.<\/p>\n<p>Datos de los usuarios que se conectan a la red wifi de&nbsp;ESTUPENDA N\u00c1UTICA: Los datos ser\u00e1n conservados durante un plazo m\u00e1ximo de dos a\u00f1os.<\/p>\n<ol start=\"4\">\n<li>PROCEDENCIA, FINALIDADES Y LEGITIMIDAD<\/li>\n<\/ol>\n<p>4.1. E\u2010MAIL, FORMULARIOS DE CONTACTO Y MEDIOS DE COMUNICACI\u00d3N <\/p>\n<p>Web y hosting: El Sitio Web de&nbsp;ESTUPENDA N\u00c1UTICA&nbsp;cuenta con un cifrado SSL TLS que permite usuario el env\u00edo seguro de sus datos personales a trav\u00e9s de formularios de contacto de tipo est\u00e1ndar alojados en los servidores que Godabby Inc. Company. <\/p>\n<p>Datos recabados a trav\u00e9s de la web: Los datos personales recogidos ser\u00e1n objeto de tratamiento automatizado e incorporados a los correspondientes ficheros de los que&nbsp;ESTUPENDA N\u00c1UTICA&nbsp;es titular y responsable. Asimismo, podr\u00e1 facilitar sus datos a trav\u00e9s correo electr\u00f3nico y otros medios de comunicaci\u00f3n. <\/p>\n<p>Correo electr\u00f3nico: El prestador de servicios de correo electr\u00f3nico usado por&nbsp;ESTUPENDA N\u00c1UTICA&nbsp;es Google, Inc.<\/p>\n<p>Mensajer\u00eda instant\u00e1nea:&nbsp;ESTUPENDA N\u00c1UTICA&nbsp;presta servicio a trav\u00e9s de mensajer\u00eda instant\u00e1nea WhatsApp.<\/p>\n<p>Prestadores de servicios de pago: A trav\u00e9s del Sitio Web, el Cliente puede acceder, por medio de enlaces, a sitios web de terceros, como PayPal, para realizar pagos de los servicios prestados por&nbsp;ESTUPENDA N\u00c1UTICA. En ning\u00fan momento el personal de&nbsp;ESTUPENDA N\u00c1UTICA&nbsp;tiene acceso a los datos bancarios (por ejemplo, el n\u00famero de tarjeta de cr\u00e9dito) que el Cliente facilite a dichos terceros. <\/p>\n<p>Finalidad y legitimaci\u00f3n: La finalidad del tratamiento de estos datos ser\u00e1 \u00fanicamente la de prestarle la informaci\u00f3n o servicios que nos solicite y su legitimaci\u00f3n ser\u00e1 la obtenci\u00f3n explicita de su consentimiento.<\/p>\n<p>4.2. REDES SOCIALES <\/p>\n<p>Presencia en redes:&nbsp;ESTUPENDA N\u00c1UTICA&nbsp;cuenta con perfil en algunas de las principales redes sociales de Internet, reconoci\u00e9ndose responsable del tratamiento en relaci\u00f3n con los datos publicados por&nbsp;ESTUPENDA N\u00c1UTICA&nbsp;(por ejemplo, fotos subidas por&nbsp;ESTUPENDA N\u00c1UTICA&nbsp;en las que aparecen caras de personas) o de los datos que los usuarios env\u00eden de forma privada a&nbsp;ESTUPENDA N\u00c1UTICA&nbsp;con el fin de que sean extra\u00eddos (por ejemplo, comunicaciones iniciales para que&nbsp;ESTUPENDA N\u00c1UTICA&nbsp;asesore en un caso).<\/p>\n<p>Finalidad y legitimaci\u00f3n: El tratamiento que&nbsp;ESTUPENDA N\u00c1UTICA&nbsp;llevar\u00e1 a cabo con los datos dentro de cada una de las referidas redes ser\u00e1, como m\u00e1ximo, el que la red social permita a los perfiles corporativos. As\u00ed pues,&nbsp;ESTUPENDA N\u00c1UTICA&nbsp;podr\u00e1 informar, cuando la ley no lo proh\u00edba, a sus seguidores por cualquier v\u00eda que la red social permita sobre sus actividades, ponencias, ofertas, as\u00ed como prestar servicio personalizado de atenci\u00f3n al cliente. <\/p>\n<p>Extracci\u00f3n de datos: En ning\u00fan caso&nbsp;ESTUPENDA N\u00c1UTICA&nbsp;extraer\u00e1 datos de las redes sociales, a menos que se obtuviera puntual y expresamente el consentimiento del usuario para ello.<\/p>\n<p>Derechos: Cuando, debido a la propia naturaleza de las redes sociales, el ejercicio efectivo de los derechos de protecci\u00f3n de datos del seguidor quede supeditado a la modificaci\u00f3n del perfil personal de este,&nbsp;ESTUPENDA N\u00c1UTICA&nbsp;le ayudar\u00e1 y aconsejar\u00e1 a tal fin en la medida de sus posibilidades.<\/p>\n<p>4.3. SORTEOS, CONCURSOS Y OTRAS ACCIONES PROMOCIONALES <\/p>\n<p>Al participar en acciones promocionales organizadas por&nbsp;ESTUPENDA N\u00c1UTICA, los datos que ceda ser\u00e1n tratados por&nbsp;ESTUPENDA N\u00c1UTICA Y CATAMARANS XXI BARCELONA, SL para el fin que esta haya indicado en el enunciado de la acci\u00f3n.<\/p>\n<p>4.4. NAVEGACI\u00d3N WEB (COOKIES) <\/p>\n<p>Solo usamos cookies t\u00e9cnicas. En el Sitio Web instalamos solo cookies t\u00e9cnicas, lo que nos permite no mostrar el banner, pop\u2010up o aviso emergente de cookies. Tampoco tenemos obligaci\u00f3n de informar en este aviso legal sobre las cookies t\u00e9cnicas que instalamos. Sin embargo, mantenemos esta secci\u00f3n sobre cookies para ofrecer m\u00e1s transparencia sobre el funcionamiento del Sitio Web.   <\/p>\n<p>Qu\u00e9 son las cookies. Las cookies son ficheros creados en el navegador del usuario para registrar su actividad en el Sitio Web y permitirle una navegaci\u00f3n m\u00e1s fluida y personalizada. <\/p>\n<p>Estos son los tipos de cookies t\u00e9cnicas que se instalan a trav\u00e9s de este Sitio Web:<\/p>\n<p>PayPal: Refuerzan la seguridad en el acceso a la plataforma de pagos PayPal desde&nbsp;ESTUPENDA N\u00c1UTICA. Pueden enlazar con paypalobjects.com. \u2013 Pol\u00edtica de privacidad de PayPal  <\/p>\n<p>Google Translate: Ofrecen la posibilidad de traducir la p\u00e1gina a otros idiomas a usuarios cuyo navegador no est\u00e9 configurado en espa\u00f1ol. \u2013 Pol\u00edtica de privacidad de Google <\/p>\n<p>ESTUPENDA N\u00c1UTICA: Permiten al usuario visualizar la p\u00e1gina e interactuar con ella.<\/p>\n<p>Cookies de terceros. En alguna p\u00e1gina del Sitio Web se muestra contenido embebido o invocado a trav\u00e9s del cual se pueden estar instalando cookies de terceros. Cuando incluimos estos contenidos en nuestro Sitio Web nos aseguramos de que la \u00fanica finalidad de estas cookies sea t\u00e9cnica. Los terceros que prestan los contenidos pueden decidir cambiar la finalidad de estas cookies, por lo que revisamos estas p\u00e1ginas cada cierto tiempo. Si desea hacernos alguna pregunta sobre las cookies que se instalan a trav\u00e9s de este Sitio Web, contacte con nosotros.    <\/p>\n<p>C\u00f3mo borrar las cookies. Para utilizar este Sitio Web no resulta necesaria la instalaci\u00f3n de cookies. El usuario puede no aceptarlas o configurar su navegador para bloquearlas y, en su caso, eliminarlas. Aprenda a administrar sus cookies en Firefox, Chrome, IE, Opera y Safari.   <\/p>\n<p>Redes Sociales. En otros sitios en los que&nbsp;ESTUPENDA N\u00c1UTICA&nbsp;tiene p\u00e1gina o perfil social se instalan cookies de terceros a todos sus visitantes, aunque no sean usuarios registrados en las correspondientes plataformas: P\u00e1gina de Cookies de Facebook, P\u00e1gina de Privacidad de Twitter, P\u00e1gina de Instagram; P\u00e1gina de Cookies de Google. <\/p>\n<ol start=\"5\">\n<li>ENCARGADOS DEL TRATAMIENTO FUERA DEL ESPACIO ECON\u00d3MICO EUROPEO (EEE).<\/li>\n<\/ol>\n<p>Correo electr\u00f3nico. El servicio de correo electr\u00f3nico de&nbsp;ESTUPENDA N\u00c1UTICA&nbsp;se presta usando los servicios de Outlook de Microsoft. <\/p>\n<p>Redes Sociales.&nbsp;ESTUPENDA N\u00c1UTICA&nbsp;hace uso de la red social estadounidense Twitter, hacia la que se realiza una transferencia internacional de datos, de tipo anal\u00edticos y t\u00e9cnicos en relaci\u00f3n con el&nbsp;Sitio Web siendo en sus servidores en los que&nbsp;ESTUPENDA N\u00c1UTICA&nbsp;trata los datos que, a trav\u00e9s de ellas, los usuarios, suscriptores o navegantes entregan a la firma&nbsp;ESTUPENDA N\u00c1UTICA&nbsp;o comparten con esta.<\/p>\n<p>Prestadores de pago. Para que el cliente pueda pagar a trav\u00e9s de PayPal,&nbsp;ESTUPENDA N\u00c1UTICA&nbsp;enviar\u00e1 los datos estrictamente necesarios de aquellos a estos procesadores de pago para la emisi\u00f3n de la correspondiente solicitud de pago. <\/p>\n<ol start=\"6\">\n<li>CONFIDENCIALIDAD Y DESTRUCCI\u00d3N DOCUMENTAL<\/li>\n<\/ol>\n<p>Secreto profesional. Los profesionales que trabajan en ESTUPENDA N\u00c1UTICA&nbsp;y que tuvieran alg\u00fan tipo de intervenci\u00f3n jur\u00eddica en los servicios prestados al cliente, est\u00e1n comprometidos a no divulgar ni hacer uso de la informaci\u00f3n a la que hayan accedido por raz\u00f3n de su profesi\u00f3n, por as\u00ed disponerlo el art\u00edculo 5 del C\u00f3digo Deontol\u00f3gico de la Abogac\u00eda Espa\u00f1ola. La informaci\u00f3n suministrada por el cliente tendr\u00e1, en todo caso, la consideraci\u00f3n de confidencial, sin que pueda ser utilizada para otros fines que los relacionados con los servicios contratados a&nbsp;ESTUPENDA N\u00c1UTICA. Se obliga a no divulgar ni revelar informaci\u00f3n sobre las pretensiones del cliente, los motivos del asesoramiento solicitado o la duraci\u00f3n de su relaci\u00f3n con este.   <\/p>\n<p>Destrucci\u00f3n documental. Con el objetivo de preservar y garantizar la confidencialidad,&nbsp;ESTUPENDA N\u00c1UTICA&nbsp;se compromete a destruir toda la informaci\u00f3n confidencial a la que por raz\u00f3n de una prestaci\u00f3n de servicios haya tenido acceso una vez transcurridos 90 d\u00edas desde la finalizaci\u00f3n del servicio al Cliente, salvo que exista una obligaci\u00f3n legal para su conservaci\u00f3n. Si el Cliente desea conservar el original o una copia de dicha informaci\u00f3n, deber\u00e1 imprimirla o guardarla por sus propios medios o acudir a la sede de&nbsp;ESTUPENDA N\u00c1UTICA&nbsp;para recogerla antes de su destrucci\u00f3n.  <\/p>\n<p>NORMATIVA Y RESOLUCI\u00d3N DE CONFLICTOS<\/p>\n<p>Las presentes Condiciones de Uso del Sitio Web se rigen en todos y cada uno de sus extremos por la ley espa\u00f1ola. El idioma de redacci\u00f3n e interpretaci\u00f3n de este aviso legal es el espa\u00f1ol. <\/p>\n<p>Este aviso legal no se archivar\u00e1 individualmente para cada usuario sino que permanecer\u00e1 accesible por medio de Internet en este mismo Sitio Web.<\/p>\n<p>Para resolver cualquier controversia o reclamaci\u00f3n derivada de cualquier actividad de&nbsp;ESTUPENDA N\u00c1UTICA&nbsp;en el marco de un servicio que requiera colegiaci\u00f3n y que haya sido prestado como abogado por&nbsp;ESTUPENDA N\u00c1UTICA, el Cliente deber\u00e1 dirigirse al \u00f3rgano correspondiente del ICAM.<\/p>\n<p>Los Usuarios que tengan la condici\u00f3n de consumidores o usuarios conforme los define la normativa espa\u00f1ola y residan en la Uni\u00f3n Europea, si han tenido un problema con una compra online realizada a&nbsp;ESTUPENDA N\u00c1UTICA, para tratar de llegar a un acuerdo extrajudicial pueden acudir a la Plataforma de Resoluci\u00f3n de Litigios en L\u00ednea, creada por la Uni\u00f3n Europea y desarrollada por la Comisi\u00f3n Europea al amparo del Reglamento (UE) 524\/2013.<\/p>\n<p>Siempre que el Usuario no tenga la condici\u00f3n de consumidor, y cuando no haya una norma que obligue a otra cosa, las partes acuerdan someterse a los Juzgados y Tribunales de Barcelona capital, por ser este el lugar de celebraci\u00f3n del contrato, con renuncia expresa a cualquier otra jurisdicci\u00f3n que pudiera corresponderles.<\/p>\n<p>Sitio web desarrollado y&nbsp;<a href=\"https:\/\/redbinaria.es\" target=\"_blank\" rel=\"noopener\">Marketing Digital&nbsp;<\/a>gestionado por&nbsp;<a href=\"https:\/\/redbinaria.es\" target=\"_blank\" style=\"font-size: 1rem;\" rel=\"noopener\">Redbinaria<\/a><\/p>\t\t\t\t\t\t\t\t<\/div>\n\t\t\t\t<\/div>\n\t\t\t\t\t<\/div>\n\t\t\t\t<\/div>\n\t\t\t\t<\/div>\n\t\t","protected":false},"excerpt":{"rendered":"<p>DISCLAIMER Company name: ESTUPPENDA OCIO, S.L. (hereinafter, ESTUPENDA N\u00c1UTICA) NIF: B63963896 Intra-Community Operator NIF: ESB63963896 Registered office: Port Ginesta, Local 804, 08860 &#8211; Les Botigues de Sitges (Barcelona, Spain) Contact: Direcci\u00f3n de correo electr\u00f3nico: info@estupendanautica.com Online contact form Barcelona Commercial Registry, Volume 37,915, Folio 53, Sheet B-311224 Pages of&nbsp;ESTUPENDA N\u00c1UTICA&nbsp;(Hereinafter, Website): Main website: https:\/\/estupendanautica.com\/ Social [&hellip;]<\/p>\n","protected":false},"author":1,"featured_media":0,"parent":0,"menu_order":0,"comment_status":"closed","ping_status":"closed","template":"elementor_header_footer","meta":{"_acf_changed":false,"footnotes":""},"class_list":["post-3101","page","type-page","status-publish","hentry"],"acf":[],"_links":{"self":[{"href":"https:\/\/estupendanautica.com\/en\/wp-json\/wp\/v2\/pages\/3101","targetHints":{"allow":["GET"]}}],"collection":[{"href":"https:\/\/estupendanautica.com\/en\/wp-json\/wp\/v2\/pages"}],"about":[{"href":"https:\/\/estupendanautica.com\/en\/wp-json\/wp\/v2\/types\/page"}],"author":[{"embeddable":true,"href":"https:\/\/estupendanautica.com\/en\/wp-json\/wp\/v2\/users\/1"}],"replies":[{"embeddable":true,"href":"https:\/\/estupendanautica.com\/en\/wp-json\/wp\/v2\/comments?post=3101"}],"version-history":[{"count":0,"href":"https:\/\/estupendanautica.com\/en\/wp-json\/wp\/v2\/pages\/3101\/revisions"}],"wp:attachment":[{"href":"https:\/\/estupendanautica.com\/en\/wp-json\/wp\/v2\/media?parent=3101"}],"curies":[{"name":"wp","href":"https:\/\/api.w.org\/{rel}","templated":true}]}}