{"id":3103,"date":"2024-09-12T18:28:57","date_gmt":"2024-09-12T16:28:57","guid":{"rendered":"https:\/\/estupendanautica.com\/contact\/"},"modified":"2025-09-18T13:14:10","modified_gmt":"2025-09-18T11:14:10","slug":"contact","status":"publish","type":"page","link":"https:\/\/estupendanautica.com\/en\/contact\/","title":{"rendered":"Contact"},"content":{"rendered":"\t\t<div data-elementor-type=\"wp-page\" data-elementor-id=\"3103\" class=\"elementor elementor-3103 elementor-920\" data-elementor-post-type=\"page\">\n\t\t\t\t<div class=\"elementor-element elementor-element-0f07a94 e-flex e-con-boxed e-con e-parent\" data-id=\"0f07a94\" data-element_type=\"container\" data-e-type=\"container\">\n\t\t\t\t\t<div class=\"e-con-inner\">\n\t\t\t\t<div class=\"elementor-element elementor-element-065e004 elementor-widget elementor-widget-image\" data-id=\"065e004\" data-element_type=\"widget\" data-e-type=\"widget\" data-widget_type=\"image.default\">\n\t\t\t\t<div class=\"elementor-widget-container\">\n\t\t\t\t\t\t\t\t\t\t\t\t\t\t\t<img fetchpriority=\"high\" decoding=\"async\" width=\"762\" height=\"360\" src=\"https:\/\/estupendanautica.com\/wp-content\/uploads\/2024\/09\/LOGO-ESTUPENDA-MORADO-INV-01.svg\" class=\"attachment-full size-full wp-image-2845\" alt=\"\" \/>\t\t\t\t\t\t\t\t\t\t\t\t\t\t\t<\/div>\n\t\t\t\t<\/div>\n\t\t\t\t<div class=\"elementor-element elementor-element-fb28f18 elementor-widget elementor-widget-heading\" data-id=\"fb28f18\" data-element_type=\"widget\" data-e-type=\"widget\" data-widget_type=\"heading.default\">\n\t\t\t\t<div class=\"elementor-widget-container\">\n\t\t\t\t\t<h2 class=\"elementor-heading-title elementor-size-default\">CONTACT<\/h2>\t\t\t\t<\/div>\n\t\t\t\t<\/div>\n\t\t\t\t\t<\/div>\n\t\t\t\t<\/div>\n\t\t<div class=\"elementor-element elementor-element-cdb037f e-flex e-con-boxed e-con e-parent\" data-id=\"cdb037f\" data-element_type=\"container\" data-e-type=\"container\">\n\t\t\t\t\t<div class=\"e-con-inner\">\n\t\t<div class=\"elementor-element elementor-element-546d7f9 e-con-full e-flex e-con e-child\" data-id=\"546d7f9\" data-element_type=\"container\" data-e-type=\"container\">\n\t\t\t\t<div class=\"elementor-element elementor-element-7efbb7d elementor-button-align-stretch elementor-widget elementor-widget-form\" data-id=\"7efbb7d\" data-element_type=\"widget\" data-e-type=\"widget\" data-settings=\"{&quot;step_next_label&quot;:&quot;Next&quot;,&quot;step_previous_label&quot;:&quot;Previous&quot;,&quot;button_width&quot;:&quot;100&quot;,&quot;step_type&quot;:&quot;number_text&quot;,&quot;step_icon_shape&quot;:&quot;circle&quot;}\" data-widget_type=\"form.default\">\n\t\t\t\t<div class=\"elementor-widget-container\">\n\t\t\t\t\t\t\t<form class=\"elementor-form\" method=\"post\" name=\"Contact\" aria-label=\"Contact\">\n\t\t\t<input type=\"hidden\" name=\"post_id\" value=\"3103\"\/>\n\t\t\t<input type=\"hidden\" name=\"form_id\" value=\"7efbb7d\"\/>\n\t\t\t<input type=\"hidden\" name=\"referer_title\" value=\"\" \/>\n\n\t\t\t\n\t\t\t<div class=\"elementor-form-fields-wrapper elementor-labels-\">\n\t\t\t\t\t\t\t\t<div class=\"elementor-field-type-text elementor-field-group elementor-column elementor-field-group-Nombre elementor-col-50\">\n\t\t\t\t\t\t\t\t\t\t\t\t<label for=\"form-field-Nombre\" class=\"elementor-field-label elementor-screen-only\">\n\t\t\t\t\t\t\t\tName\t\t\t\t\t\t\t<\/label>\n\t\t\t\t\t\t\t\t\t\t\t\t\t\t<input size=\"1\" type=\"text\" name=\"form_fields[Nombre]\" id=\"form-field-Nombre\" class=\"elementor-field elementor-size-sm  elementor-field-textual\" placeholder=\"Name\">\n\t\t\t\t\t\t\t\t\t\t\t<\/div>\n\t\t\t\t\t\t\t\t<div class=\"elementor-field-type-text elementor-field-group elementor-column elementor-field-group-apellidos elementor-col-50 elementor-field-required\">\n\t\t\t\t\t\t\t\t\t\t\t\t<label for=\"form-field-apellidos\" class=\"elementor-field-label elementor-screen-only\">\n\t\t\t\t\t\t\t\tLast Name\t\t\t\t\t\t\t<\/label>\n\t\t\t\t\t\t\t\t\t\t\t\t\t\t<input size=\"1\" type=\"text\" name=\"form_fields[apellidos]\" id=\"form-field-apellidos\" class=\"elementor-field elementor-size-sm  elementor-field-textual\" placeholder=\"Last Name\" required=\"required\">\n\t\t\t\t\t\t\t\t\t\t\t<\/div>\n\t\t\t\t\t\t\t\t<div class=\"elementor-field-type-email elementor-field-group elementor-column elementor-field-group-Email elementor-col-100 elementor-field-required\">\n\t\t\t\t\t\t\t\t\t\t\t\t<label for=\"form-field-Email\" class=\"elementor-field-label elementor-screen-only\">\n\t\t\t\t\t\t\t\tEmail\t\t\t\t\t\t\t<\/label>\n\t\t\t\t\t\t\t\t\t\t\t\t\t\t<input size=\"1\" type=\"email\" name=\"form_fields[Email]\" id=\"form-field-Email\" class=\"elementor-field elementor-size-sm  elementor-field-textual\" placeholder=\"Email\" required=\"required\">\n\t\t\t\t\t\t\t\t\t\t\t<\/div>\n\t\t\t\t\t\t\t\t<div class=\"elementor-field-type-text elementor-field-group elementor-column elementor-field-group-Telefono elementor-col-100 elementor-field-required\">\n\t\t\t\t\t\t\t\t\t\t\t\t<label for=\"form-field-Telefono\" class=\"elementor-field-label elementor-screen-only\">\n\t\t\t\t\t\t\t\tPhone\t\t\t\t\t\t\t<\/label>\n\t\t\t\t\t\t\t\t\t\t\t\t\t\t<input size=\"1\" type=\"text\" name=\"form_fields[Telefono]\" id=\"form-field-Telefono\" class=\"elementor-field elementor-size-sm  elementor-field-textual\" placeholder=\"Phone\" required=\"required\">\n\t\t\t\t\t\t\t\t\t\t\t<\/div>\n\t\t\t\t\t\t\t\t<div class=\"elementor-field-type-select elementor-field-group elementor-column elementor-field-group-Pais elementor-col-100 elementor-field-required\">\n\t\t\t\t\t\t\t\t\t\t\t\t<label for=\"form-field-Pais\" class=\"elementor-field-label elementor-screen-only\">\n\t\t\t\t\t\t\t\tCountry\t\t\t\t\t\t\t<\/label>\n\t\t\t\t\t\t\t\t<div class=\"elementor-field elementor-select-wrapper remove-before \">\n\t\t\t<div class=\"select-caret-down-wrapper\">\n\t\t\t\t<svg aria-hidden=\"true\" class=\"e-font-icon-svg e-eicon-caret-down\" viewBox=\"0 0 571.4 571.4\" xmlns=\"http:\/\/www.w3.org\/2000\/svg\"><path d=\"M571 393Q571 407 561 418L311 668Q300 679 286 679T261 668L11 418Q0 407 0 393T11 368 36 357H536Q550 357 561 368T571 393Z\"><\/path><\/svg>\t\t\t<\/div>\n\t\t\t<select name=\"form_fields[Pais]\" id=\"form-field-Pais\" class=\"elementor-field-textual elementor-size-sm\" required=\"required\">\n\t\t\t\t\t\t\t\t\t<option value=\"Country ESPA\u00d1A Afganist\u00e1n Albania Alemania Andorra Angola Antigua y Barbuda Arabia Saudita Argelia Argentina Armenia Australia Austria Azerbaiy\u00e1n Bahamas Banglad\u00e9s Barbados Bar\u00e9in B\u00e9lgica Belice Ben\u00edn Bermuda Bielorrusia Bolivia Bosnia-Herzegovina Botsuana Brasil Brun\u00e9i Bulgaria Burkina Faso Burundi But\u00e1n Cabo Verde Camboya Camer\u00fan Canad\u00e1 Catar Chad Chile China Chipre Colombia Comoras Congo, Rep\u00fablica Democr\u00e1tica del Congo, Rep\u00fablica de Corea del Norte Corea del Sur Costa de Marfil Costa Rica Croacia Cuba Curazao Dinamarca Djibouti Dominica Ecuador Egipto El Salvador Emiratos \u00c1rabes Unidos Eritrea Eslovaquia Eslovenia Espa\u00f1a Estados Unidos Estonia Etiop\u00eda Filipinas Finlandia Fiyi Francia Gab\u00f3n Gambia Georgia Ghana Granada Grecia Groenlandia Guam Guatemala Guinea Guinea Ecuatorial Guinea-Bis\u00e1u Guyana Hait\u00ed Honduras Hong Kong Hungr\u00eda India Indonesia Irak Ir\u00e1n Irlanda Islandia Islas Caim\u00e1n Islas Faroe Islas Marianas del Norte Islas Marshall Islas Salom\u00f3n Islas V\u00edrgenes Brit\u00e1nicas Islas V\u00edrgenes de los Estados Unidos Israel Italia Jamaica Jap\u00f3n Jordania Kazajist\u00e1n Kenia Kirguist\u00e1n Kiribati Kosovo Kuwait Laos Lesoto Letonia L\u00edbano Liberia Libia Liechtenstein Lituania Luxemburgo Macedonia Madagascar Malasia Malaui Maldivas Mal\u00ed Malta Marruecos Mauricio Mauritania M\u00e9xico Micronesia Moldavia M\u00f3naco Mongolia Montenegro Mozambique Myanmar Namibia Nauru Nepal Nicaragua N\u00edger Nigeria Noruega Nueva Zelanda Om\u00e1n Pa\u00edses Bajos Pakist\u00e1n Palaos Palestina Panam\u00e1 Pap\u00faa Nueva Guinea Paraguay Per\u00fa Polinesia Francesa Polonia Portugal Puerto Rico Qatar Reino Unido Rep\u00fablica Centroafricana Rep\u00fablica Checa Rep\u00fablica Democr\u00e1tica del Congo Rep\u00fablica Dominicana Ruanda Rumania Rusia Samoa Samoa Americana San Crist\u00f3bal y Nieves San Marino San Vicente y las Granadinas Santa Luc\u00eda Santo Tom\u00e9 y Pr\u00edncipe Senegal Serbia Seychelles Sierra Leona Singapur Sint Maarten Siria Somalia Sri Lanka Suazilandia Sud\u00e1frica Sud\u00e1n Sud\u00e1n del Sur Suecia Suiza Surinam Tailandia Taiw\u00e1n Tanzania Tayikist\u00e1n Timor Oriental Togo Tonga Trinidad y Tobago T\u00fanez Turkmenist\u00e1n Turqu\u00eda Tuvalu Ucrania Uganda Uruguay Uzbekist\u00e1n Vanuatu Vaticano Venezuela Vietnam Yemen Yibuti Zambia Zimbabue\">Country ESPA\u00d1A Afganist\u00e1n Albania Alemania Andorra Angola Antigua y Barbuda Arabia Saudita Argelia Argentina Armenia Australia Austria Azerbaiy\u00e1n Bahamas Banglad\u00e9s Barbados Bar\u00e9in B\u00e9lgica Belice Ben\u00edn Bermuda Bielorrusia Bolivia Bosnia-Herzegovina Botsuana Brasil Brun\u00e9i Bulgaria Burkina Faso Burundi But\u00e1n Cabo Verde Camboya Camer\u00fan Canad\u00e1 Catar Chad Chile China Chipre Colombia Comoras Congo, Rep\u00fablica Democr\u00e1tica del Congo, Rep\u00fablica de Corea del Norte Corea del Sur Costa de Marfil Costa Rica Croacia Cuba Curazao Dinamarca Djibouti Dominica Ecuador Egipto El Salvador Emiratos \u00c1rabes Unidos Eritrea Eslovaquia Eslovenia Espa\u00f1a Estados Unidos Estonia Etiop\u00eda Filipinas Finlandia Fiyi Francia Gab\u00f3n Gambia Georgia Ghana Granada Grecia Groenlandia Guam Guatemala Guinea Guinea Ecuatorial Guinea-Bis\u00e1u Guyana Hait\u00ed Honduras Hong Kong Hungr\u00eda India Indonesia Irak Ir\u00e1n Irlanda Islandia Islas Caim\u00e1n Islas Faroe Islas Marianas del Norte Islas Marshall Islas Salom\u00f3n Islas V\u00edrgenes Brit\u00e1nicas Islas V\u00edrgenes de los Estados Unidos Israel Italia Jamaica Jap\u00f3n Jordania Kazajist\u00e1n Kenia Kirguist\u00e1n Kiribati Kosovo Kuwait Laos Lesoto Letonia L\u00edbano Liberia Libia Liechtenstein Lituania Luxemburgo Macedonia Madagascar Malasia Malaui Maldivas Mal\u00ed Malta Marruecos Mauricio Mauritania M\u00e9xico Micronesia Moldavia M\u00f3naco Mongolia Montenegro Mozambique Myanmar Namibia Nauru Nepal Nicaragua N\u00edger Nigeria Noruega Nueva Zelanda Om\u00e1n Pa\u00edses Bajos Pakist\u00e1n Palaos Palestina Panam\u00e1 Pap\u00faa Nueva Guinea Paraguay Per\u00fa Polinesia Francesa Polonia Portugal Puerto Rico Qatar Reino Unido Rep\u00fablica Centroafricana Rep\u00fablica Checa Rep\u00fablica Democr\u00e1tica del Congo Rep\u00fablica Dominicana Ruanda Rumania Rusia Samoa Samoa Americana San Crist\u00f3bal y Nieves San Marino San Vicente y las Granadinas Santa Luc\u00eda Santo Tom\u00e9 y Pr\u00edncipe Senegal Serbia Seychelles Sierra Leona Singapur Sint Maarten Siria Somalia Sri Lanka Suazilandia Sud\u00e1frica Sud\u00e1n Sud\u00e1n del Sur Suecia Suiza Surinam Tailandia Taiw\u00e1n Tanzania Tayikist\u00e1n Timor Oriental Togo Tonga Trinidad y Tobago T\u00fanez Turkmenist\u00e1n Turqu\u00eda Tuvalu Ucrania Uganda Uruguay Uzbekist\u00e1n Vanuatu Vaticano Venezuela Vietnam Yemen Yibuti Zambia Zimbabue<\/option>\n\t\t\t\t\t\t\t<\/select>\n\t\t<\/div>\n\t\t\t\t\t\t<\/div>\n\t\t\t\t\t\t\t\t<div class=\"elementor-field-type-select elementor-field-group elementor-column elementor-field-group-Asunto elementor-col-100\">\n\t\t\t\t\t\t\t\t\t\t\t\t<label for=\"form-field-Asunto\" class=\"elementor-field-label elementor-screen-only\">\n\t\t\t\t\t\t\t\tSubject\t\t\t\t\t\t\t<\/label>\n\t\t\t\t\t\t\t\t<div class=\"elementor-field elementor-select-wrapper remove-before \">\n\t\t\t<div class=\"select-caret-down-wrapper\">\n\t\t\t\t<svg aria-hidden=\"true\" class=\"e-font-icon-svg e-eicon-caret-down\" viewBox=\"0 0 571.4 571.4\" xmlns=\"http:\/\/www.w3.org\/2000\/svg\"><path d=\"M571 393Q571 407 561 418L311 668Q300 679 286 679T261 668L11 418Q0 407 0 393T11 368 36 357H536Q550 357 561 368T571 393Z\"><\/path><\/svg>\t\t\t<\/div>\n\t\t\t<select name=\"form_fields[Asunto]\" id=\"form-field-Asunto\" class=\"elementor-field-textual elementor-size-sm\">\n\t\t\t\t\t\t\t\t\t<option value=\"General Consultation Product Information Services and Guarantees Sale and Financing Other matter\">General Consultation Product Information Services and Guarantees Sale and Financing Other matter<\/option>\n\t\t\t\t\t\t\t<\/select>\n\t\t<\/div>\n\t\t\t\t\t\t<\/div>\n\t\t\t\t\t\t\t\t<div class=\"elementor-field-type-textarea elementor-field-group elementor-column elementor-field-group-Mensaje elementor-col-100\">\n\t\t\t\t\t\t\t\t\t\t\t\t<label for=\"form-field-Mensaje\" class=\"elementor-field-label elementor-screen-only\">\n\t\t\t\t\t\t\t\tMessage\t\t\t\t\t\t\t<\/label>\n\t\t\t\t\t\t<textarea class=\"elementor-field-textual elementor-field  elementor-size-sm\" name=\"form_fields[Mensaje]\" id=\"form-field-Mensaje\" rows=\"2\" placeholder=\"Message\"><\/textarea>\t\t\t\t<\/div>\n\t\t\t\t\t\t\t\t<div class=\"elementor-field-type-acceptance elementor-field-group elementor-column elementor-field-group-field_eb4c969 elementor-col-100 elementor-field-required\">\n\t\t\t\t\t\t\t\t\t\t\t\t<label for=\"form-field-field_eb4c969\" class=\"elementor-field-label elementor-screen-only\">\n\t\t\t\t\t\t\t\tDISCLAIMER\t\t\t\t\t\t\t<\/label>\n\t\t\t\t\t\t\t\t<div class=\"elementor-field-subgroup\">\n\t\t\t<span class=\"elementor-field-option\">\n\t\t\t\t<input type=\"checkbox\" name=\"form_fields[field_eb4c969]\" id=\"form-field-field_eb4c969\" class=\"elementor-field elementor-size-sm  elementor-acceptance-field\" required=\"required\">\n\t\t\t\t<label for=\"form-field-field_eb4c969\">I have read and accept the <a href=\"https:\/\/estupendanautica.com\/proteccion-de-datos\/\">Privacy Policy<\/a> and <a href=\"https:\/\/estupendanautica.com\/en\/disclaimer\/\">Legal Notice.<\/a> <\/label>\t\t\t<\/span>\n\t\t<\/div>\n\t\t\t\t\t\t<\/div>\n\t\t\t\t\t\t\t\t<div class=\"elementor-field-type-hidden elementor-field-group elementor-column elementor-field-group-Origen elementor-col-100\">\n\t\t\t\t\t\t\t\t\t\t\t\t\t<input size=\"1\" type=\"hidden\" name=\"form_fields[Origen]\" id=\"form-field-Origen\" class=\"elementor-field elementor-size-sm  elementor-field-textual\" value=\"Web - Estupenda\">\n\t\t\t\t\t\t\t\t\t\t\t<\/div>\n\t\t\t\t\t\t\t\t<div class=\"elementor-field-type-hidden elementor-field-group elementor-column elementor-field-group-Astillero elementor-col-100\">\n\t\t\t\t\t\t\t\t\t\t\t\t\t<input size=\"1\" type=\"hidden\" name=\"form_fields[Astillero]\" id=\"form-field-Astillero\" class=\"elementor-field elementor-size-sm  elementor-field-textual\" value=\"AQUILA\">\n\t\t\t\t\t\t\t\t\t\t\t<\/div>\n\t\t\t\t\t\t\t\t<div class=\"elementor-field-type-hidden elementor-field-group elementor-column elementor-field-group-Seccion elementor-col-100\">\n\t\t\t\t\t\t\t\t\t\t\t\t\t<input size=\"1\" type=\"hidden\" name=\"form_fields[Seccion]\" id=\"form-field-Seccion\" class=\"elementor-field elementor-size-sm  elementor-field-textual\" value=\"Contacto\">\n\t\t\t\t\t\t\t\t\t\t\t<\/div>\n\t\t\t\t\t\t\t\t<div class=\"elementor-field-type-hidden elementor-field-group elementor-column elementor-field-group-Barco elementor-col-100\">\n\t\t\t\t\t\t\t\t\t\t\t\t\t<input size=\"1\" type=\"hidden\" name=\"form_fields[Barco]\" id=\"form-field-Barco\" class=\"elementor-field elementor-size-sm  elementor-field-textual\">\n\t\t\t\t\t\t\t\t\t\t\t<\/div>\n\t\t\t\t\t\t\t\t<div class=\"elementor-field-type-hidden elementor-field-group elementor-column elementor-field-group-Idioma elementor-col-100\">\n\t\t\t\t\t\t\t\t\t\t\t\t\t<input size=\"1\" type=\"hidden\" name=\"form_fields[Idioma]\" id=\"form-field-Idioma\" class=\"elementor-field elementor-size-sm  elementor-field-textual\" value=\"ES\">\n\t\t\t\t\t\t\t\t\t\t\t<\/div>\n\t\t\t\t\t\t\t\t<div class=\"elementor-field-type-hidden elementor-field-group elementor-column elementor-field-group-Alta elementor-col-100\">\n\t\t\t\t\t\t\t\t\t\t\t\t\t<input size=\"1\" type=\"hidden\" name=\"form_fields[Alta]\" id=\"form-field-Alta\" class=\"elementor-field elementor-size-sm  elementor-field-textual\" value=\"22 April 2026 14:08\">\n\t\t\t\t\t\t\t\t\t\t\t<\/div>\n\t\t\t\t\t\t\t\t<div class=\"elementor-field-type-recaptcha_v3 elementor-field-group elementor-column elementor-field-group-field_5d9857e elementor-col-100 recaptcha_v3-bottomright\">\n\t\t\t\t\t<div class=\"elementor-field\" id=\"form-field-field_5d9857e\"><div class=\"elementor-g-recaptcha\" data-sitekey=\"6LdEtRwkAAAAAB0_FuzaYZ7uMjUHZtAkoHJhC2wk\" data-type=\"v3\" data-action=\"Form\" data-badge=\"bottomright\" data-size=\"invisible\"><\/div><\/div>\t\t\t\t<\/div>\n\t\t\t\t\t\t\t\t<div class=\"elementor-field-group elementor-column elementor-field-type-submit elementor-col-100 e-form__buttons\">\n\t\t\t\t\t<button class=\"elementor-button elementor-size-sm\" type=\"submit\">\n\t\t\t\t\t\t<span class=\"elementor-button-content-wrapper\">\n\t\t\t\t\t\t\t\t\t\t\t\t\t\t\t\t\t\t\t\t\t\t<span class=\"elementor-button-text\">SEND<\/span>\n\t\t\t\t\t\t\t\t\t\t\t\t\t<\/span>\n\t\t\t\t\t<\/button>\n\t\t\t\t<\/div>\n\t\t\t<\/div>\n\t\t<\/form>\n\t\t\t\t\t\t<\/div>\n\t\t\t\t<\/div>\n\t\t\t\t<div class=\"elementor-element elementor-element-1035331 elementor-widget elementor-widget-text-editor\" data-id=\"1035331\" data-element_type=\"widget\" data-e-type=\"widget\" data-widget_type=\"text-editor.default\">\n\t\t\t\t<div class=\"elementor-widget-container\">\n\t\t\t\t\t\t\t\t\t<p>Informaci\u00f3n b\u00e1sica sobre Protecci\u00f3n de datos: <strong>RESPONSABLE:<\/strong> ESTUPPENDA OCIO, S.L. <strong>FINALIDAD:<\/strong> gesti\u00f3n administrativa, publicidad y prospecci\u00f3n comercial. <strong>LEGITIMACI\u00d3N :<\/strong> Consentimiento del interesado. <strong>DESTINATARIOS:<\/strong> Particulares, organizaciones o entidades directamente relacionadas con el responsable y Administraciones P\u00fablicas con competencia en la materia. <strong>CONSERVACI\u00d3N DE LOS DATOS:<\/strong> Hasta el fin de la prestaci\u00f3n del servicio. Finalizado, hasta solicitar la supresi\u00f3n por el interesado. DERECHOS: Acceder, rectificar consultar y suprimir los datos, as\u00ed como el resto de los que le son inherentes, en virtud de la LOPDGDD 3\/2018. <strong>INFORMACI\u00d3N ADICIONAL:<\/strong> Puede contactar con nosotros en: info@estupendanautica.com.  <\/p>\t\t\t\t\t\t\t\t<\/div>\n\t\t\t\t<\/div>\n\t\t\t\t<\/div>\n\t\t<div class=\"elementor-element elementor-element-3e5f890 e-con-full e-flex e-con e-child\" data-id=\"3e5f890\" data-element_type=\"container\" data-e-type=\"container\">\n\t\t\t\t<div class=\"elementor-element elementor-element-d3d4fea elementor-widget elementor-widget-google_maps\" data-id=\"d3d4fea\" data-element_type=\"widget\" data-e-type=\"widget\" data-widget_type=\"google_maps.default\">\n\t\t\t\t<div class=\"elementor-widget-container\">\n\t\t\t\t\t\t\t<div class=\"elementor-custom-embed\">\n\t\t\t<iframe loading=\"lazy\"\n\t\t\t\t\tsrc=\"https:\/\/maps.google.com\/maps?q=Estupenda%20N%C3%A1utica&#038;t=m&#038;z=16&#038;output=embed&#038;iwloc=near\"\n\t\t\t\t\ttitle=\"Estupenda N\u00e1utica\"\n\t\t\t\t\taria-label=\"Estupenda N\u00e1utica\"\n\t\t\t><\/iframe>\n\t\t<\/div>\n\t\t\t\t\t\t<\/div>\n\t\t\t\t<\/div>\n\t\t\t\t<div class=\"elementor-element elementor-element-824e387 elementor-icon-list--layout-traditional elementor-list-item-link-full_width elementor-widget elementor-widget-icon-list\" data-id=\"824e387\" data-element_type=\"widget\" data-e-type=\"widget\" data-widget_type=\"icon-list.default\">\n\t\t\t\t<div class=\"elementor-widget-container\">\n\t\t\t\t\t\t\t<ul class=\"elementor-icon-list-items\">\n\t\t\t\t\t\t\t<li class=\"elementor-icon-list-item\">\n\t\t\t\t\t\t\t\t\t\t\t<a href=\"tel:0034933876976\">\n\n\t\t\t\t\t\t\t\t\t\t\t\t<span class=\"elementor-icon-list-icon\">\n\t\t\t\t\t\t\t<svg aria-hidden=\"true\" class=\"e-font-icon-svg e-fas-phone-alt\" viewBox=\"0 0 512 512\" xmlns=\"http:\/\/www.w3.org\/2000\/svg\"><path d=\"M497.39 361.8l-112-48a24 24 0 0 0-28 6.9l-49.6 60.6A370.66 370.66 0 0 1 130.6 204.11l60.6-49.6a23.94 23.94 0 0 0 6.9-28l-48-112A24.16 24.16 0 0 0 122.6.61l-104 24A24 24 0 0 0 0 48c0 256.5 207.9 464 464 464a24 24 0 0 0 23.4-18.6l24-104a24.29 24.29 0 0 0-14.01-27.6z\"><\/path><\/svg>\t\t\t\t\t\t<\/span>\n\t\t\t\t\t\t\t\t\t\t<span class=\"elementor-icon-list-text\">933 87 69 76<\/span>\n\t\t\t\t\t\t\t\t\t\t\t<\/a>\n\t\t\t\t\t\t\t\t\t<\/li>\n\t\t\t\t\t\t\t\t<li class=\"elementor-icon-list-item\">\n\t\t\t\t\t\t\t\t\t\t\t<a href=\"mailto:info@estupendanautica.com\">\n\n\t\t\t\t\t\t\t\t\t\t\t\t<span class=\"elementor-icon-list-icon\">\n\t\t\t\t\t\t\t<svg aria-hidden=\"true\" class=\"e-font-icon-svg e-far-envelope\" viewBox=\"0 0 512 512\" xmlns=\"http:\/\/www.w3.org\/2000\/svg\"><path d=\"M464 64H48C21.49 64 0 85.49 0 112v288c0 26.51 21.49 48 48 48h416c26.51 0 48-21.49 48-48V112c0-26.51-21.49-48-48-48zm0 48v40.805c-22.422 18.259-58.168 46.651-134.587 106.49-16.841 13.247-50.201 45.072-73.413 44.701-23.208.375-56.579-31.459-73.413-44.701C106.18 199.465 70.425 171.067 48 152.805V112h416zM48 400V214.398c22.914 18.251 55.409 43.862 104.938 82.646 21.857 17.205 60.134 55.186 103.062 54.955 42.717.231 80.509-37.199 103.053-54.947 49.528-38.783 82.032-64.401 104.947-82.653V400H48z\"><\/path><\/svg>\t\t\t\t\t\t<\/span>\n\t\t\t\t\t\t\t\t\t\t<span class=\"elementor-icon-list-text\">info@estupendanautica.com<\/span>\n\t\t\t\t\t\t\t\t\t\t\t<\/a>\n\t\t\t\t\t\t\t\t\t<\/li>\n\t\t\t\t\t\t\t\t<li class=\"elementor-icon-list-item\">\n\t\t\t\t\t\t\t\t\t\t\t<span class=\"elementor-icon-list-icon\">\n\t\t\t\t\t\t\t<svg aria-hidden=\"true\" class=\"e-font-icon-svg e-fas-map-marker-alt\" viewBox=\"0 0 384 512\" xmlns=\"http:\/\/www.w3.org\/2000\/svg\"><path d=\"M172.268 501.67C26.97 291.031 0 269.413 0 192 0 85.961 85.961 0 192 0s192 85.961 192 192c0 77.413-26.97 99.031-172.268 309.67-9.535 13.774-29.93 13.773-39.464 0zM192 272c44.183 0 80-35.817 80-80s-35.817-80-80-80-80 35.817-80 80 35.817 80 80 80z\"><\/path><\/svg>\t\t\t\t\t\t<\/span>\n\t\t\t\t\t\t\t\t\t\t<span class=\"elementor-icon-list-text\">Port Ginesta, Local 804, Les Botigues de Sitges (Barcelona)<\/span>\n\t\t\t\t\t\t\t\t\t<\/li>\n\t\t\t\t\t\t<\/ul>\n\t\t\t\t\t\t<\/div>\n\t\t\t\t<\/div>\n\t\t\t\t<\/div>\n\t\t\t\t\t<\/div>\n\t\t\t\t<\/div>\n\t\t<div class=\"elementor-element elementor-element-e7224ae e-flex e-con-boxed e-con e-parent\" data-id=\"e7224ae\" data-element_type=\"container\" data-e-type=\"container\">\n\t\t\t\t\t<div class=\"e-con-inner\">\n\t\t\t\t<div class=\"elementor-element elementor-element-be3f8b5 elementor-align-center elementor-widget elementor-widget-button\" data-id=\"be3f8b5\" data-element_type=\"widget\" data-e-type=\"widget\" data-widget_type=\"button.default\">\n\t\t\t\t<div class=\"elementor-widget-container\">\n\t\t\t\t\t\t\t\t\t<div class=\"elementor-button-wrapper\">\n\t\t\t\t\t<a class=\"elementor-button elementor-button-link elementor-size-lg\" href=\"https:\/\/estupendanautica.com\/en\/\">\n\t\t\t\t\t\t<span class=\"elementor-button-content-wrapper\">\n\t\t\t\t\t\t\t\t\t<span class=\"elementor-button-text\">RETURN TO SITE<\/span>\n\t\t\t\t\t<\/span>\n\t\t\t\t\t<\/a>\n\t\t\t\t<\/div>\n\t\t\t\t\t\t\t\t<\/div>\n\t\t\t\t<\/div>\n\t\t\t\t\t<\/div>\n\t\t\t\t<\/div>\n\t\t\t\t<\/div>\n\t\t","protected":false},"excerpt":{"rendered":"<p>CONTACT Informaci\u00f3n b\u00e1sica sobre Protecci\u00f3n de datos: RESPONSABLE: ESTUPPENDA OCIO, S.L. FINALIDAD: gesti\u00f3n administrativa, publicidad y prospecci\u00f3n comercial. LEGITIMACI\u00d3N : Consentimiento del interesado. DESTINATARIOS: Particulares, organizaciones o entidades directamente relacionadas con el responsable y Administraciones P\u00fablicas con competencia en la materia. CONSERVACI\u00d3N DE LOS DATOS: Hasta el fin de la prestaci\u00f3n del servicio. Finalizado, hasta [&hellip;]<\/p>\n","protected":false},"author":1,"featured_media":0,"parent":0,"menu_order":0,"comment_status":"closed","ping_status":"closed","template":"elementor_canvas","meta":{"_acf_changed":false,"footnotes":""},"class_list":["post-3103","page","type-page","status-publish","hentry"],"acf":[],"_links":{"self":[{"href":"https:\/\/estupendanautica.com\/en\/wp-json\/wp\/v2\/pages\/3103","targetHints":{"allow":["GET"]}}],"collection":[{"href":"https:\/\/estupendanautica.com\/en\/wp-json\/wp\/v2\/pages"}],"about":[{"href":"https:\/\/estupendanautica.com\/en\/wp-json\/wp\/v2\/types\/page"}],"author":[{"embeddable":true,"href":"https:\/\/estupendanautica.com\/en\/wp-json\/wp\/v2\/users\/1"}],"replies":[{"embeddable":true,"href":"https:\/\/estupendanautica.com\/en\/wp-json\/wp\/v2\/comments?post=3103"}],"version-history":[{"count":0,"href":"https:\/\/estupendanautica.com\/en\/wp-json\/wp\/v2\/pages\/3103\/revisions"}],"wp:attachment":[{"href":"https:\/\/estupendanautica.com\/en\/wp-json\/wp\/v2\/media?parent=3103"}],"curies":[{"name":"wp","href":"https:\/\/api.w.org\/{rel}","templated":true}]}}